{"id":9544,"date":"2025-07-15T17:51:41","date_gmt":"2025-07-15T17:51:41","guid":{"rendered":"https:\/\/amem.es\/tienda\/josa-martinez-miguel\/"},"modified":"2025-07-16T16:20:32","modified_gmt":"2025-07-16T16:20:32","slug":"josa-martinez-miguel","status":"publish","type":"product","link":"https:\/\/amem.es\/en\/busca-tu-medico\/josa-martinez-miguel\/","title":{"rendered":"Josa Mart\u00ednez, Miguel"},"content":{"rendered":"","protected":false},"excerpt":{"rendered":"<p>Mundolab XXI<\/p>\n","protected":false},"featured_media":7762,"template":"","meta":[],"product_brand":[],"product_cat":[484],"product_tag":[],"class_list":{"0":"post-9544","1":"product","2":"type-product","3":"status-publish","4":"has-post-thumbnail","6":"product_cat-mundolab-xxi","7":"pa_comunidad-autonoma-comunidad-de-madrid","9":"first","10":"instock","11":"product-type-simple"},"yoast_head":"<!-- This site is optimized with the Yoast SEO plugin v27.3 - https:\/\/yoast.com\/product\/yoast-seo-wordpress\/ -->\n<title>Miguel Josa Mart\u00ednez | AMEM<\/title>\n<meta name=\"description\" content=\"Conoce al doctor Miguel Josa Mart\u00ednez, miembro de la Asociaci\u00f3n de Medicina Est\u00e9tica de Madrid. N\u00famero de colegiado: 282869652\" \/>\n<meta name=\"robots\" content=\"index, follow, max-snippet:-1, max-image-preview:large, max-video-preview:-1\" \/>\n<link rel=\"canonical\" href=\"https:\/\/amem.es\/busca-tu-medico\/josa-martinez-miguel\/\" \/>\n<meta property=\"og:locale\" content=\"en_US\" \/>\n<meta property=\"og:type\" content=\"article\" \/>\n<meta property=\"og:title\" content=\"Miguel Josa Mart\u00ednez | AMEM\" \/>\n<meta property=\"og:description\" content=\"Conoce al doctor Miguel Josa Mart\u00ednez, miembro de la Asociaci\u00f3n de Medicina Est\u00e9tica de Madrid. N\u00famero de colegiado: 282869652\" \/>\n<meta property=\"og:url\" content=\"https:\/\/amem.es\/busca-tu-medico\/josa-martinez-miguel\/\" \/>\n<meta property=\"og:site_name\" content=\"Amem\" \/>\n<meta property=\"article:modified_time\" content=\"2025-07-16T16:20:32+00:00\" \/>\n<meta property=\"og:image\" content=\"https:\/\/amem.es\/wp-content\/uploads\/2025\/06\/Miguel-Josa.jpg\" \/>\n\t<meta property=\"og:image:width\" content=\"1200\" \/>\n\t<meta property=\"og:image:height\" content=\"685\" \/>\n\t<meta property=\"og:image:type\" content=\"image\/jpeg\" \/>\n<meta name=\"twitter:card\" content=\"summary_large_image\" \/>\n<meta name=\"twitter:label1\" content=\"Est. reading time\" \/>\n\t<meta name=\"twitter:data1\" content=\"1 minute\" \/>\n<script type=\"application\/ld+json\" class=\"yoast-schema-graph\">{\"@context\":\"https:\\\/\\\/schema.org\",\"@graph\":[{\"@type\":\"WebPage\",\"@id\":\"https:\\\/\\\/amem.es\\\/busca-tu-medico\\\/josa-martinez-miguel\\\/\",\"url\":\"https:\\\/\\\/amem.es\\\/busca-tu-medico\\\/josa-martinez-miguel\\\/\",\"name\":\"Miguel Josa Mart\u00ednez | AMEM\",\"isPartOf\":{\"@id\":\"https:\\\/\\\/amem.es\\\/#website\"},\"primaryImageOfPage\":{\"@id\":\"https:\\\/\\\/amem.es\\\/busca-tu-medico\\\/josa-martinez-miguel\\\/#primaryimage\"},\"image\":{\"@id\":\"https:\\\/\\\/amem.es\\\/busca-tu-medico\\\/josa-martinez-miguel\\\/#primaryimage\"},\"thumbnailUrl\":\"https:\\\/\\\/amem.es\\\/wp-content\\\/uploads\\\/2025\\\/06\\\/Miguel-Josa.jpg\",\"datePublished\":\"2025-07-15T17:51:41+00:00\",\"dateModified\":\"2025-07-16T16:20:32+00:00\",\"description\":\"Conoce al doctor Miguel Josa Mart\u00ednez, miembro de la Asociaci\u00f3n de Medicina Est\u00e9tica de Madrid. N\u00famero de colegiado: 282869652\",\"breadcrumb\":{\"@id\":\"https:\\\/\\\/amem.es\\\/busca-tu-medico\\\/josa-martinez-miguel\\\/#breadcrumb\"},\"inLanguage\":\"en-US\",\"potentialAction\":[{\"@type\":\"ReadAction\",\"target\":[\"https:\\\/\\\/amem.es\\\/busca-tu-medico\\\/josa-martinez-miguel\\\/\"]}]},{\"@type\":\"ImageObject\",\"inLanguage\":\"en-US\",\"@id\":\"https:\\\/\\\/amem.es\\\/busca-tu-medico\\\/josa-martinez-miguel\\\/#primaryimage\",\"url\":\"https:\\\/\\\/amem.es\\\/wp-content\\\/uploads\\\/2025\\\/06\\\/Miguel-Josa.jpg\",\"contentUrl\":\"https:\\\/\\\/amem.es\\\/wp-content\\\/uploads\\\/2025\\\/06\\\/Miguel-Josa.jpg\",\"width\":1200,\"height\":685,\"caption\":\"Miguel Josa\"},{\"@type\":\"BreadcrumbList\",\"@id\":\"https:\\\/\\\/amem.es\\\/busca-tu-medico\\\/josa-martinez-miguel\\\/#breadcrumb\",\"itemListElement\":[{\"@type\":\"ListItem\",\"position\":1,\"name\":\"Home\",\"item\":\"https:\\\/\\\/amem.es\\\/\"},{\"@type\":\"ListItem\",\"position\":2,\"name\":\"Busca tu m\u00e9dico\",\"item\":\"https:\\\/\\\/amem.es\\\/busca-tu-medico\\\/\"},{\"@type\":\"ListItem\",\"position\":3,\"name\":\"Josa Mart\u00ednez, Miguel\"}]},{\"@type\":\"WebSite\",\"@id\":\"https:\\\/\\\/amem.es\\\/#website\",\"url\":\"https:\\\/\\\/amem.es\\\/\",\"name\":\"Amem\",\"description\":\"Asociaci\u00f3n de Medicina Est\u00e9tica de Madrid\",\"publisher\":{\"@id\":\"https:\\\/\\\/amem.es\\\/#organization\"},\"potentialAction\":[{\"@type\":\"SearchAction\",\"target\":{\"@type\":\"EntryPoint\",\"urlTemplate\":\"https:\\\/\\\/amem.es\\\/?s={search_term_string}\"},\"query-input\":{\"@type\":\"PropertyValueSpecification\",\"valueRequired\":true,\"valueName\":\"search_term_string\"}}],\"inLanguage\":\"en-US\"},{\"@type\":\"Organization\",\"@id\":\"https:\\\/\\\/amem.es\\\/#organization\",\"name\":\"Amem\",\"url\":\"https:\\\/\\\/amem.es\\\/\",\"logo\":{\"@type\":\"ImageObject\",\"inLanguage\":\"en-US\",\"@id\":\"https:\\\/\\\/amem.es\\\/#\\\/schema\\\/logo\\\/image\\\/\",\"url\":\"https:\\\/\\\/amem.es\\\/wp-content\\\/uploads\\\/2024\\\/11\\\/Asociacion-Medicina-Estetica-Madrid.png\",\"contentUrl\":\"https:\\\/\\\/amem.es\\\/wp-content\\\/uploads\\\/2024\\\/11\\\/Asociacion-Medicina-Estetica-Madrid.png\",\"width\":1167,\"height\":536,\"caption\":\"Amem\"},\"image\":{\"@id\":\"https:\\\/\\\/amem.es\\\/#\\\/schema\\\/logo\\\/image\\\/\"}}]}<\/script>\n<!-- \/ Yoast SEO plugin. -->","yoast_head_json":{"title":"Miguel Josa Mart\u00ednez | AMEM","description":"Conoce al doctor Miguel Josa Mart\u00ednez, miembro de la Asociaci\u00f3n de Medicina Est\u00e9tica de Madrid. N\u00famero de colegiado: 282869652","robots":{"index":"index","follow":"follow","max-snippet":"max-snippet:-1","max-image-preview":"max-image-preview:large","max-video-preview":"max-video-preview:-1"},"canonical":"https:\/\/amem.es\/busca-tu-medico\/josa-martinez-miguel\/","og_locale":"en_US","og_type":"article","og_title":"Miguel Josa Mart\u00ednez | AMEM","og_description":"Conoce al doctor Miguel Josa Mart\u00ednez, miembro de la Asociaci\u00f3n de Medicina Est\u00e9tica de Madrid. N\u00famero de colegiado: 282869652","og_url":"https:\/\/amem.es\/busca-tu-medico\/josa-martinez-miguel\/","og_site_name":"Amem","article_modified_time":"2025-07-16T16:20:32+00:00","og_image":[{"width":1200,"height":685,"url":"https:\/\/amem.es\/wp-content\/uploads\/2025\/06\/Miguel-Josa.jpg","type":"image\/jpeg"}],"twitter_card":"summary_large_image","twitter_misc":{"Est. reading time":"1 minute"},"schema":{"@context":"https:\/\/schema.org","@graph":[{"@type":"WebPage","@id":"https:\/\/amem.es\/busca-tu-medico\/josa-martinez-miguel\/","url":"https:\/\/amem.es\/busca-tu-medico\/josa-martinez-miguel\/","name":"Miguel Josa Mart\u00ednez | AMEM","isPartOf":{"@id":"https:\/\/amem.es\/#website"},"primaryImageOfPage":{"@id":"https:\/\/amem.es\/busca-tu-medico\/josa-martinez-miguel\/#primaryimage"},"image":{"@id":"https:\/\/amem.es\/busca-tu-medico\/josa-martinez-miguel\/#primaryimage"},"thumbnailUrl":"https:\/\/amem.es\/wp-content\/uploads\/2025\/06\/Miguel-Josa.jpg","datePublished":"2025-07-15T17:51:41+00:00","dateModified":"2025-07-16T16:20:32+00:00","description":"Conoce al doctor Miguel Josa Mart\u00ednez, miembro de la Asociaci\u00f3n de Medicina Est\u00e9tica de Madrid. N\u00famero de colegiado: 282869652","breadcrumb":{"@id":"https:\/\/amem.es\/busca-tu-medico\/josa-martinez-miguel\/#breadcrumb"},"inLanguage":"en-US","potentialAction":[{"@type":"ReadAction","target":["https:\/\/amem.es\/busca-tu-medico\/josa-martinez-miguel\/"]}]},{"@type":"ImageObject","inLanguage":"en-US","@id":"https:\/\/amem.es\/busca-tu-medico\/josa-martinez-miguel\/#primaryimage","url":"https:\/\/amem.es\/wp-content\/uploads\/2025\/06\/Miguel-Josa.jpg","contentUrl":"https:\/\/amem.es\/wp-content\/uploads\/2025\/06\/Miguel-Josa.jpg","width":1200,"height":685,"caption":"Miguel Josa"},{"@type":"BreadcrumbList","@id":"https:\/\/amem.es\/busca-tu-medico\/josa-martinez-miguel\/#breadcrumb","itemListElement":[{"@type":"ListItem","position":1,"name":"Home","item":"https:\/\/amem.es\/"},{"@type":"ListItem","position":2,"name":"Busca tu m\u00e9dico","item":"https:\/\/amem.es\/busca-tu-medico\/"},{"@type":"ListItem","position":3,"name":"Josa Mart\u00ednez, Miguel"}]},{"@type":"WebSite","@id":"https:\/\/amem.es\/#website","url":"https:\/\/amem.es\/","name":"Amem","description":"Asociaci\u00f3n de Medicina Est\u00e9tica de Madrid","publisher":{"@id":"https:\/\/amem.es\/#organization"},"potentialAction":[{"@type":"SearchAction","target":{"@type":"EntryPoint","urlTemplate":"https:\/\/amem.es\/?s={search_term_string}"},"query-input":{"@type":"PropertyValueSpecification","valueRequired":true,"valueName":"search_term_string"}}],"inLanguage":"en-US"},{"@type":"Organization","@id":"https:\/\/amem.es\/#organization","name":"Amem","url":"https:\/\/amem.es\/","logo":{"@type":"ImageObject","inLanguage":"en-US","@id":"https:\/\/amem.es\/#\/schema\/logo\/image\/","url":"https:\/\/amem.es\/wp-content\/uploads\/2024\/11\/Asociacion-Medicina-Estetica-Madrid.png","contentUrl":"https:\/\/amem.es\/wp-content\/uploads\/2024\/11\/Asociacion-Medicina-Estetica-Madrid.png","width":1167,"height":536,"caption":"Amem"},"image":{"@id":"https:\/\/amem.es\/#\/schema\/logo\/image\/"}}]}},"_links":{"self":[{"href":"https:\/\/amem.es\/en\/wp-json\/wp\/v2\/product\/9544","targetHints":{"allow":["GET"]}}],"collection":[{"href":"https:\/\/amem.es\/en\/wp-json\/wp\/v2\/product"}],"about":[{"href":"https:\/\/amem.es\/en\/wp-json\/wp\/v2\/types\/product"}],"wp:featuredmedia":[{"embeddable":true,"href":"https:\/\/amem.es\/en\/wp-json\/wp\/v2\/media\/7762"}],"wp:attachment":[{"href":"https:\/\/amem.es\/en\/wp-json\/wp\/v2\/media?parent=9544"}],"wp:term":[{"taxonomy":"product_brand","embeddable":true,"href":"https:\/\/amem.es\/en\/wp-json\/wp\/v2\/product_brand?post=9544"},{"taxonomy":"product_cat","embeddable":true,"href":"https:\/\/amem.es\/en\/wp-json\/wp\/v2\/product_cat?post=9544"},{"taxonomy":"product_tag","embeddable":true,"href":"https:\/\/amem.es\/en\/wp-json\/wp\/v2\/product_tag?post=9544"}],"curies":[{"name":"wp","href":"https:\/\/api.w.org\/{rel}","templated":true}]}}