{"id":9530,"date":"2025-07-15T17:51:41","date_gmt":"2025-07-15T17:51:41","guid":{"rendered":"https:\/\/amem.es\/tienda\/fernandez-mesa-sergio\/"},"modified":"2025-07-18T12:27:44","modified_gmt":"2025-07-18T12:27:44","slug":"fernandez-mesa-sergio","status":"publish","type":"product","link":"https:\/\/amem.es\/en\/busca-tu-medico\/fernandez-mesa-sergio\/","title":{"rendered":"Fern\u00e1ndez Mesa, Sergio"},"content":{"rendered":"","protected":false},"excerpt":{"rendered":"<p>Le Med<\/p>\n","protected":false},"featured_media":9851,"template":"","meta":[],"product_brand":[],"product_cat":[470],"product_tag":[],"class_list":{"0":"post-9530","1":"product","2":"type-product","3":"status-publish","4":"has-post-thumbnail","6":"product_cat-le-med","7":"pa_comunidad-autonoma-comunidad-de-madrid","9":"first","10":"instock","11":"product-type-simple"},"yoast_head":"<!-- This site is optimized with the Yoast SEO plugin v27.3 - https:\/\/yoast.com\/product\/yoast-seo-wordpress\/ -->\n<title>Sergio Fern\u00e1ndez Mesa | AMEM<\/title>\n<meta name=\"description\" content=\"Conoce al doctor Sergio Fern\u00e1ndez Mesa, miembro de la Asociaci\u00f3n de Medicina Est\u00e9tica de Madrid. N\u00famero de colegiado: 280309439\" \/>\n<meta name=\"robots\" content=\"index, follow, max-snippet:-1, max-image-preview:large, max-video-preview:-1\" \/>\n<link rel=\"canonical\" href=\"https:\/\/amem.es\/busca-tu-medico\/fernandez-mesa-sergio\/\" \/>\n<meta property=\"og:locale\" content=\"en_US\" \/>\n<meta property=\"og:type\" content=\"article\" \/>\n<meta property=\"og:title\" content=\"Sergio Fern\u00e1ndez Mesa | AMEM\" \/>\n<meta property=\"og:description\" content=\"Conoce al doctor Sergio Fern\u00e1ndez Mesa, miembro de la Asociaci\u00f3n de Medicina Est\u00e9tica de Madrid. N\u00famero de colegiado: 280309439\" \/>\n<meta property=\"og:url\" content=\"https:\/\/amem.es\/busca-tu-medico\/fernandez-mesa-sergio\/\" \/>\n<meta property=\"og:site_name\" content=\"Amem\" \/>\n<meta property=\"article:modified_time\" content=\"2025-07-18T12:27:44+00:00\" \/>\n<meta property=\"og:image\" content=\"https:\/\/amem.es\/wp-content\/uploads\/2025\/07\/Doctor-Sergio-Fernandez.png\" \/>\n\t<meta property=\"og:image:width\" content=\"600\" \/>\n\t<meta property=\"og:image:height\" content=\"343\" \/>\n\t<meta property=\"og:image:type\" content=\"image\/png\" \/>\n<meta name=\"twitter:card\" content=\"summary_large_image\" \/>\n<meta name=\"twitter:label1\" content=\"Est. reading time\" \/>\n\t<meta name=\"twitter:data1\" content=\"1 minute\" \/>\n<script type=\"application\/ld+json\" class=\"yoast-schema-graph\">{\"@context\":\"https:\\\/\\\/schema.org\",\"@graph\":[{\"@type\":\"WebPage\",\"@id\":\"https:\\\/\\\/amem.es\\\/busca-tu-medico\\\/fernandez-mesa-sergio\\\/\",\"url\":\"https:\\\/\\\/amem.es\\\/busca-tu-medico\\\/fernandez-mesa-sergio\\\/\",\"name\":\"Sergio Fern\u00e1ndez Mesa | AMEM\",\"isPartOf\":{\"@id\":\"https:\\\/\\\/amem.es\\\/#website\"},\"primaryImageOfPage\":{\"@id\":\"https:\\\/\\\/amem.es\\\/busca-tu-medico\\\/fernandez-mesa-sergio\\\/#primaryimage\"},\"image\":{\"@id\":\"https:\\\/\\\/amem.es\\\/busca-tu-medico\\\/fernandez-mesa-sergio\\\/#primaryimage\"},\"thumbnailUrl\":\"https:\\\/\\\/amem.es\\\/wp-content\\\/uploads\\\/2025\\\/07\\\/Doctor-Sergio-Fernandez.png\",\"datePublished\":\"2025-07-15T17:51:41+00:00\",\"dateModified\":\"2025-07-18T12:27:44+00:00\",\"description\":\"Conoce al doctor Sergio Fern\u00e1ndez Mesa, miembro de la Asociaci\u00f3n de Medicina Est\u00e9tica de Madrid. N\u00famero de colegiado: 280309439\",\"breadcrumb\":{\"@id\":\"https:\\\/\\\/amem.es\\\/busca-tu-medico\\\/fernandez-mesa-sergio\\\/#breadcrumb\"},\"inLanguage\":\"en-US\",\"potentialAction\":[{\"@type\":\"ReadAction\",\"target\":[\"https:\\\/\\\/amem.es\\\/busca-tu-medico\\\/fernandez-mesa-sergio\\\/\"]}]},{\"@type\":\"ImageObject\",\"inLanguage\":\"en-US\",\"@id\":\"https:\\\/\\\/amem.es\\\/busca-tu-medico\\\/fernandez-mesa-sergio\\\/#primaryimage\",\"url\":\"https:\\\/\\\/amem.es\\\/wp-content\\\/uploads\\\/2025\\\/07\\\/Doctor-Sergio-Fernandez.png\",\"contentUrl\":\"https:\\\/\\\/amem.es\\\/wp-content\\\/uploads\\\/2025\\\/07\\\/Doctor-Sergio-Fernandez.png\",\"width\":600,\"height\":343,\"caption\":\"Doctor Sergio Fernandez\"},{\"@type\":\"BreadcrumbList\",\"@id\":\"https:\\\/\\\/amem.es\\\/busca-tu-medico\\\/fernandez-mesa-sergio\\\/#breadcrumb\",\"itemListElement\":[{\"@type\":\"ListItem\",\"position\":1,\"name\":\"Home\",\"item\":\"https:\\\/\\\/amem.es\\\/\"},{\"@type\":\"ListItem\",\"position\":2,\"name\":\"Busca tu m\u00e9dico\",\"item\":\"https:\\\/\\\/amem.es\\\/busca-tu-medico\\\/\"},{\"@type\":\"ListItem\",\"position\":3,\"name\":\"Fern\u00e1ndez Mesa, Sergio\"}]},{\"@type\":\"WebSite\",\"@id\":\"https:\\\/\\\/amem.es\\\/#website\",\"url\":\"https:\\\/\\\/amem.es\\\/\",\"name\":\"Amem\",\"description\":\"Asociaci\u00f3n de Medicina Est\u00e9tica de Madrid\",\"publisher\":{\"@id\":\"https:\\\/\\\/amem.es\\\/#organization\"},\"potentialAction\":[{\"@type\":\"SearchAction\",\"target\":{\"@type\":\"EntryPoint\",\"urlTemplate\":\"https:\\\/\\\/amem.es\\\/?s={search_term_string}\"},\"query-input\":{\"@type\":\"PropertyValueSpecification\",\"valueRequired\":true,\"valueName\":\"search_term_string\"}}],\"inLanguage\":\"en-US\"},{\"@type\":\"Organization\",\"@id\":\"https:\\\/\\\/amem.es\\\/#organization\",\"name\":\"Amem\",\"url\":\"https:\\\/\\\/amem.es\\\/\",\"logo\":{\"@type\":\"ImageObject\",\"inLanguage\":\"en-US\",\"@id\":\"https:\\\/\\\/amem.es\\\/#\\\/schema\\\/logo\\\/image\\\/\",\"url\":\"https:\\\/\\\/amem.es\\\/wp-content\\\/uploads\\\/2024\\\/11\\\/Asociacion-Medicina-Estetica-Madrid.png\",\"contentUrl\":\"https:\\\/\\\/amem.es\\\/wp-content\\\/uploads\\\/2024\\\/11\\\/Asociacion-Medicina-Estetica-Madrid.png\",\"width\":1167,\"height\":536,\"caption\":\"Amem\"},\"image\":{\"@id\":\"https:\\\/\\\/amem.es\\\/#\\\/schema\\\/logo\\\/image\\\/\"}}]}<\/script>\n<!-- \/ Yoast SEO plugin. -->","yoast_head_json":{"title":"Sergio Fern\u00e1ndez Mesa | AMEM","description":"Conoce al doctor Sergio Fern\u00e1ndez Mesa, miembro de la Asociaci\u00f3n de Medicina Est\u00e9tica de Madrid. N\u00famero de colegiado: 280309439","robots":{"index":"index","follow":"follow","max-snippet":"max-snippet:-1","max-image-preview":"max-image-preview:large","max-video-preview":"max-video-preview:-1"},"canonical":"https:\/\/amem.es\/busca-tu-medico\/fernandez-mesa-sergio\/","og_locale":"en_US","og_type":"article","og_title":"Sergio Fern\u00e1ndez Mesa | AMEM","og_description":"Conoce al doctor Sergio Fern\u00e1ndez Mesa, miembro de la Asociaci\u00f3n de Medicina Est\u00e9tica de Madrid. N\u00famero de colegiado: 280309439","og_url":"https:\/\/amem.es\/busca-tu-medico\/fernandez-mesa-sergio\/","og_site_name":"Amem","article_modified_time":"2025-07-18T12:27:44+00:00","og_image":[{"width":600,"height":343,"url":"https:\/\/amem.es\/wp-content\/uploads\/2025\/07\/Doctor-Sergio-Fernandez.png","type":"image\/png"}],"twitter_card":"summary_large_image","twitter_misc":{"Est. reading time":"1 minute"},"schema":{"@context":"https:\/\/schema.org","@graph":[{"@type":"WebPage","@id":"https:\/\/amem.es\/busca-tu-medico\/fernandez-mesa-sergio\/","url":"https:\/\/amem.es\/busca-tu-medico\/fernandez-mesa-sergio\/","name":"Sergio Fern\u00e1ndez Mesa | AMEM","isPartOf":{"@id":"https:\/\/amem.es\/#website"},"primaryImageOfPage":{"@id":"https:\/\/amem.es\/busca-tu-medico\/fernandez-mesa-sergio\/#primaryimage"},"image":{"@id":"https:\/\/amem.es\/busca-tu-medico\/fernandez-mesa-sergio\/#primaryimage"},"thumbnailUrl":"https:\/\/amem.es\/wp-content\/uploads\/2025\/07\/Doctor-Sergio-Fernandez.png","datePublished":"2025-07-15T17:51:41+00:00","dateModified":"2025-07-18T12:27:44+00:00","description":"Conoce al doctor Sergio Fern\u00e1ndez Mesa, miembro de la Asociaci\u00f3n de Medicina Est\u00e9tica de Madrid. N\u00famero de colegiado: 280309439","breadcrumb":{"@id":"https:\/\/amem.es\/busca-tu-medico\/fernandez-mesa-sergio\/#breadcrumb"},"inLanguage":"en-US","potentialAction":[{"@type":"ReadAction","target":["https:\/\/amem.es\/busca-tu-medico\/fernandez-mesa-sergio\/"]}]},{"@type":"ImageObject","inLanguage":"en-US","@id":"https:\/\/amem.es\/busca-tu-medico\/fernandez-mesa-sergio\/#primaryimage","url":"https:\/\/amem.es\/wp-content\/uploads\/2025\/07\/Doctor-Sergio-Fernandez.png","contentUrl":"https:\/\/amem.es\/wp-content\/uploads\/2025\/07\/Doctor-Sergio-Fernandez.png","width":600,"height":343,"caption":"Doctor Sergio Fernandez"},{"@type":"BreadcrumbList","@id":"https:\/\/amem.es\/busca-tu-medico\/fernandez-mesa-sergio\/#breadcrumb","itemListElement":[{"@type":"ListItem","position":1,"name":"Home","item":"https:\/\/amem.es\/"},{"@type":"ListItem","position":2,"name":"Busca tu m\u00e9dico","item":"https:\/\/amem.es\/busca-tu-medico\/"},{"@type":"ListItem","position":3,"name":"Fern\u00e1ndez Mesa, Sergio"}]},{"@type":"WebSite","@id":"https:\/\/amem.es\/#website","url":"https:\/\/amem.es\/","name":"Amem","description":"Asociaci\u00f3n de Medicina Est\u00e9tica de Madrid","publisher":{"@id":"https:\/\/amem.es\/#organization"},"potentialAction":[{"@type":"SearchAction","target":{"@type":"EntryPoint","urlTemplate":"https:\/\/amem.es\/?s={search_term_string}"},"query-input":{"@type":"PropertyValueSpecification","valueRequired":true,"valueName":"search_term_string"}}],"inLanguage":"en-US"},{"@type":"Organization","@id":"https:\/\/amem.es\/#organization","name":"Amem","url":"https:\/\/amem.es\/","logo":{"@type":"ImageObject","inLanguage":"en-US","@id":"https:\/\/amem.es\/#\/schema\/logo\/image\/","url":"https:\/\/amem.es\/wp-content\/uploads\/2024\/11\/Asociacion-Medicina-Estetica-Madrid.png","contentUrl":"https:\/\/amem.es\/wp-content\/uploads\/2024\/11\/Asociacion-Medicina-Estetica-Madrid.png","width":1167,"height":536,"caption":"Amem"},"image":{"@id":"https:\/\/amem.es\/#\/schema\/logo\/image\/"}}]}},"_links":{"self":[{"href":"https:\/\/amem.es\/en\/wp-json\/wp\/v2\/product\/9530","targetHints":{"allow":["GET"]}}],"collection":[{"href":"https:\/\/amem.es\/en\/wp-json\/wp\/v2\/product"}],"about":[{"href":"https:\/\/amem.es\/en\/wp-json\/wp\/v2\/types\/product"}],"wp:featuredmedia":[{"embeddable":true,"href":"https:\/\/amem.es\/en\/wp-json\/wp\/v2\/media\/9851"}],"wp:attachment":[{"href":"https:\/\/amem.es\/en\/wp-json\/wp\/v2\/media?parent=9530"}],"wp:term":[{"taxonomy":"product_brand","embeddable":true,"href":"https:\/\/amem.es\/en\/wp-json\/wp\/v2\/product_brand?post=9530"},{"taxonomy":"product_cat","embeddable":true,"href":"https:\/\/amem.es\/en\/wp-json\/wp\/v2\/product_cat?post=9530"},{"taxonomy":"product_tag","embeddable":true,"href":"https:\/\/amem.es\/en\/wp-json\/wp\/v2\/product_tag?post=9530"}],"curies":[{"name":"wp","href":"https:\/\/api.w.org\/{rel}","templated":true}]}}